{"id":1674,"date":"2020-05-15T13:31:08","date_gmt":"2020-05-15T18:31:08","guid":{"rendered":"http:\/\/www.foragua.org\/?page_id=1674"},"modified":"2020-05-22T16:18:13","modified_gmt":"2020-05-22T21:18:13","slug":"evaluaciones-ecologicas-rapidas","status":"publish","type":"page","link":"http:\/\/www.foragua.org\/?page_id=1674","title":{"rendered":"Evaluaciones ecol\u00f3gicas r\u00e1pidas &#8211; calidad del agua (macro-invertebrados)"},"content":{"rendered":"\n<p>\u00bfQu\u00e9 es la\u00a0<strong>Evaluaci\u00f3n Ecol\u00f3gica R\u00e1pida<\/strong>? (EER)<\/p>\n\n\n\n<p> Es una estrategia para el estudio de la diversidad biol\u00f3gica utilizada para generar con agilidad informaci\u00f3n preliminar e integral sobre las distribuciones de las especies y los tipos de vegetaci\u00f3n (TNC, 2002).<\/p>\n\n\n\n<p>Mittermeier y Robles (1997) incluyen al Ecuador como uno de los 17 pa\u00edses megadiversos del mundo o, dicho en otras palabras, es uno de los pa\u00edses m\u00e1s ricos en diversidad biol\u00f3gica. La Regi\u00f3n Sur del Ecuador cuenta con una particular diversidad biol\u00f3gica y variabilidad gen\u00e9tica debido principalmente a caracter\u00edsticas geogr\u00e1ficas propias como es el caso de la cordillera real de los Andes, la Formaci\u00f3n Fitogeogr\u00e1fica Huancabamba o Discontinuidad del Mara\u00f1\u00f3n y el clima definido por las corrientes fr\u00eda de Humboldt y c\u00e1lida de El Ni\u00f1o. Su diversidad de paisajes y ecosistemas, el endemismo de flora y fauna la catalogan como una de las regiones m\u00e1s relevantes para la conservaci\u00f3n en el Ecuador (Arco\u00edris, 2010).<\/p>\n\n\n\n<figure class=\"wp-block-gallery columns-3 is-cropped wp-block-gallery-1 is-layout-flex\"><ul class=\"blocks-gallery-grid\"><li class=\"blocks-gallery-item\"><figure><img decoding=\"async\" loading=\"lazy\" width=\"1024\" height=\"768\" src=\"http:\/\/www.foragua.org\/wp-content\/uploads\/2020\/05\/IMG_5790-1024x768.jpg\" alt=\"\" data-id=\"1276\" data-full-url=\"http:\/\/www.foragua.org\/wp-content\/uploads\/2020\/05\/IMG_5790-scaled.jpg\" data-link=\"http:\/\/www.foragua.org\/?attachment_id=1276\" class=\"wp-image-1276\" srcset=\"http:\/\/www.foragua.org\/wp-content\/uploads\/2020\/05\/IMG_5790-1024x768.jpg 1024w, http:\/\/www.foragua.org\/wp-content\/uploads\/2020\/05\/IMG_5790-300x225.jpg 300w, http:\/\/www.foragua.org\/wp-content\/uploads\/2020\/05\/IMG_5790-768x576.jpg 768w, http:\/\/www.foragua.org\/wp-content\/uploads\/2020\/05\/IMG_5790-1536x1152.jpg 1536w, http:\/\/www.foragua.org\/wp-content\/uploads\/2020\/05\/IMG_5790-2048x1536.jpg 2048w, http:\/\/www.foragua.org\/wp-content\/uploads\/2020\/05\/IMG_5790-830x623.jpg 830w, http:\/\/www.foragua.org\/wp-content\/uploads\/2020\/05\/IMG_5790-230x173.jpg 230w, http:\/\/www.foragua.org\/wp-content\/uploads\/2020\/05\/IMG_5790-350x263.jpg 350w, http:\/\/www.foragua.org\/wp-content\/uploads\/2020\/05\/IMG_5790-480x360.jpg 480w\" sizes=\"(max-width: 1024px) 100vw, 1024px\" \/><\/figure><\/li><li class=\"blocks-gallery-item\"><figure><img decoding=\"async\" loading=\"lazy\" width=\"1024\" height=\"768\" src=\"http:\/\/www.foragua.org\/wp-content\/uploads\/2020\/05\/IMG_5766-1024x768.jpg\" alt=\"\" data-id=\"1275\" data-full-url=\"http:\/\/www.foragua.org\/wp-content\/uploads\/2020\/05\/IMG_5766-scaled.jpg\" data-link=\"http:\/\/www.foragua.org\/?attachment_id=1275\" class=\"wp-image-1275\" srcset=\"http:\/\/www.foragua.org\/wp-content\/uploads\/2020\/05\/IMG_5766-1024x768.jpg 1024w, http:\/\/www.foragua.org\/wp-content\/uploads\/2020\/05\/IMG_5766-300x225.jpg 300w, http:\/\/www.foragua.org\/wp-content\/uploads\/2020\/05\/IMG_5766-768x576.jpg 768w, http:\/\/www.foragua.org\/wp-content\/uploads\/2020\/05\/IMG_5766-1536x1152.jpg 1536w, http:\/\/www.foragua.org\/wp-content\/uploads\/2020\/05\/IMG_5766-2048x1536.jpg 2048w, http:\/\/www.foragua.org\/wp-content\/uploads\/2020\/05\/IMG_5766-830x623.jpg 830w, http:\/\/www.foragua.org\/wp-content\/uploads\/2020\/05\/IMG_5766-230x173.jpg 230w, http:\/\/www.foragua.org\/wp-content\/uploads\/2020\/05\/IMG_5766-350x263.jpg 350w, http:\/\/www.foragua.org\/wp-content\/uploads\/2020\/05\/IMG_5766-480x360.jpg 480w\" sizes=\"(max-width: 1024px) 100vw, 1024px\" \/><\/figure><\/li><li class=\"blocks-gallery-item\"><figure><img decoding=\"async\" loading=\"lazy\" width=\"1024\" height=\"768\" src=\"http:\/\/www.foragua.org\/wp-content\/uploads\/2020\/05\/IMG_5123-1024x768.jpg\" alt=\"\" data-id=\"1271\" data-full-url=\"http:\/\/www.foragua.org\/wp-content\/uploads\/2020\/05\/IMG_5123-scaled.jpg\" data-link=\"http:\/\/www.foragua.org\/?attachment_id=1271\" class=\"wp-image-1271\" srcset=\"http:\/\/www.foragua.org\/wp-content\/uploads\/2020\/05\/IMG_5123-1024x768.jpg 1024w, http:\/\/www.foragua.org\/wp-content\/uploads\/2020\/05\/IMG_5123-300x225.jpg 300w, http:\/\/www.foragua.org\/wp-content\/uploads\/2020\/05\/IMG_5123-768x576.jpg 768w, http:\/\/www.foragua.org\/wp-content\/uploads\/2020\/05\/IMG_5123-1536x1152.jpg 1536w, http:\/\/www.foragua.org\/wp-content\/uploads\/2020\/05\/IMG_5123-2048x1536.jpg 2048w, http:\/\/www.foragua.org\/wp-content\/uploads\/2020\/05\/IMG_5123-830x623.jpg 830w, http:\/\/www.foragua.org\/wp-content\/uploads\/2020\/05\/IMG_5123-230x173.jpg 230w, http:\/\/www.foragua.org\/wp-content\/uploads\/2020\/05\/IMG_5123-350x263.jpg 350w, http:\/\/www.foragua.org\/wp-content\/uploads\/2020\/05\/IMG_5123-480x360.jpg 480w\" sizes=\"(max-width: 1024px) 100vw, 1024px\" \/><\/figure><\/li><li class=\"blocks-gallery-item\"><figure><img decoding=\"async\" loading=\"lazy\" width=\"1024\" height=\"768\" src=\"http:\/\/www.foragua.org\/wp-content\/uploads\/2020\/05\/IMG-20180912-WA0031-1024x768.jpg\" alt=\"\" data-id=\"1551\" data-full-url=\"http:\/\/www.foragua.org\/wp-content\/uploads\/2020\/05\/IMG-20180912-WA0031.jpg\" data-link=\"http:\/\/www.foragua.org\/?attachment_id=1551\" class=\"wp-image-1551\" srcset=\"http:\/\/www.foragua.org\/wp-content\/uploads\/2020\/05\/IMG-20180912-WA0031-1024x768.jpg 1024w, http:\/\/www.foragua.org\/wp-content\/uploads\/2020\/05\/IMG-20180912-WA0031-300x225.jpg 300w, http:\/\/www.foragua.org\/wp-content\/uploads\/2020\/05\/IMG-20180912-WA0031-768x576.jpg 768w, http:\/\/www.foragua.org\/wp-content\/uploads\/2020\/05\/IMG-20180912-WA0031.jpg 1040w\" sizes=\"(max-width: 1024px) 100vw, 1024px\" \/><\/figure><\/li><li class=\"blocks-gallery-item\"><figure><img decoding=\"async\" loading=\"lazy\" width=\"1024\" height=\"768\" src=\"http:\/\/www.foragua.org\/wp-content\/uploads\/2020\/05\/IMG_5429-1024x768.jpg\" alt=\"\" data-id=\"1273\" data-full-url=\"http:\/\/www.foragua.org\/wp-content\/uploads\/2020\/05\/IMG_5429-scaled.jpg\" data-link=\"http:\/\/www.foragua.org\/?attachment_id=1273\" class=\"wp-image-1273\" srcset=\"http:\/\/www.foragua.org\/wp-content\/uploads\/2020\/05\/IMG_5429-1024x768.jpg 1024w, http:\/\/www.foragua.org\/wp-content\/uploads\/2020\/05\/IMG_5429-300x225.jpg 300w, http:\/\/www.foragua.org\/wp-content\/uploads\/2020\/05\/IMG_5429-768x576.jpg 768w, http:\/\/www.foragua.org\/wp-content\/uploads\/2020\/05\/IMG_5429-1536x1152.jpg 1536w, http:\/\/www.foragua.org\/wp-content\/uploads\/2020\/05\/IMG_5429-2048x1536.jpg 2048w, http:\/\/www.foragua.org\/wp-content\/uploads\/2020\/05\/IMG_5429-830x623.jpg 830w, http:\/\/www.foragua.org\/wp-content\/uploads\/2020\/05\/IMG_5429-230x173.jpg 230w, http:\/\/www.foragua.org\/wp-content\/uploads\/2020\/05\/IMG_5429-350x263.jpg 350w, http:\/\/www.foragua.org\/wp-content\/uploads\/2020\/05\/IMG_5429-480x360.jpg 480w\" sizes=\"(max-width: 1024px) 100vw, 1024px\" \/><\/figure><\/li><li class=\"blocks-gallery-item\"><figure><img decoding=\"async\" loading=\"lazy\" width=\"781\" height=\"1024\" src=\"http:\/\/www.foragua.org\/wp-content\/uploads\/2020\/05\/Dasypus-novencinctus_Armadillo-781x1024.jpg\" alt=\"\" data-id=\"1250\" data-full-url=\"http:\/\/www.foragua.org\/wp-content\/uploads\/2020\/05\/Dasypus-novencinctus_Armadillo-scaled.jpg\" data-link=\"http:\/\/www.foragua.org\/?attachment_id=1250\" class=\"wp-image-1250\" srcset=\"http:\/\/www.foragua.org\/wp-content\/uploads\/2020\/05\/Dasypus-novencinctus_Armadillo-781x1024.jpg 781w, http:\/\/www.foragua.org\/wp-content\/uploads\/2020\/05\/Dasypus-novencinctus_Armadillo-229x300.jpg 229w, http:\/\/www.foragua.org\/wp-content\/uploads\/2020\/05\/Dasypus-novencinctus_Armadillo-768x1007.jpg 768w, http:\/\/www.foragua.org\/wp-content\/uploads\/2020\/05\/Dasypus-novencinctus_Armadillo-1172x1536.jpg 1172w, http:\/\/www.foragua.org\/wp-content\/uploads\/2020\/05\/Dasypus-novencinctus_Armadillo-1562x2048.jpg 1562w, http:\/\/www.foragua.org\/wp-content\/uploads\/2020\/05\/Dasypus-novencinctus_Armadillo-830x1088.jpg 830w, http:\/\/www.foragua.org\/wp-content\/uploads\/2020\/05\/Dasypus-novencinctus_Armadillo-230x302.jpg 230w, http:\/\/www.foragua.org\/wp-content\/uploads\/2020\/05\/Dasypus-novencinctus_Armadillo-350x459.jpg 350w, http:\/\/www.foragua.org\/wp-content\/uploads\/2020\/05\/Dasypus-novencinctus_Armadillo-480x629.jpg 480w, http:\/\/www.foragua.org\/wp-content\/uploads\/2020\/05\/Dasypus-novencinctus_Armadillo-scaled.jpg 1953w\" sizes=\"(max-width: 781px) 100vw, 781px\" \/><\/figure><\/li><li class=\"blocks-gallery-item\"><figure><img decoding=\"async\" loading=\"lazy\" width=\"1024\" height=\"768\" src=\"http:\/\/www.foragua.org\/wp-content\/uploads\/2020\/05\/IMG-20180608-WA0011-1024x768.jpg\" alt=\"\" data-id=\"1950\" data-full-url=\"http:\/\/www.foragua.org\/wp-content\/uploads\/2020\/05\/IMG-20180608-WA0011.jpg\" data-link=\"http:\/\/www.foragua.org\/?attachment_id=1950\" class=\"wp-image-1950\" srcset=\"http:\/\/www.foragua.org\/wp-content\/uploads\/2020\/05\/IMG-20180608-WA0011-1024x768.jpg 1024w, http:\/\/www.foragua.org\/wp-content\/uploads\/2020\/05\/IMG-20180608-WA0011-300x225.jpg 300w, http:\/\/www.foragua.org\/wp-content\/uploads\/2020\/05\/IMG-20180608-WA0011-768x576.jpg 768w, http:\/\/www.foragua.org\/wp-content\/uploads\/2020\/05\/IMG-20180608-WA0011.jpg 1280w\" sizes=\"(max-width: 1024px) 100vw, 1024px\" \/><\/figure><\/li><li class=\"blocks-gallery-item\"><figure><img decoding=\"async\" loading=\"lazy\" width=\"1024\" height=\"768\" src=\"http:\/\/www.foragua.org\/wp-content\/uploads\/2020\/05\/IMG-20180608-WA0015-1024x768.jpg\" alt=\"\" data-id=\"1949\" data-full-url=\"http:\/\/www.foragua.org\/wp-content\/uploads\/2020\/05\/IMG-20180608-WA0015.jpg\" data-link=\"http:\/\/www.foragua.org\/?attachment_id=1949\" class=\"wp-image-1949\" srcset=\"http:\/\/www.foragua.org\/wp-content\/uploads\/2020\/05\/IMG-20180608-WA0015-1024x768.jpg 1024w, http:\/\/www.foragua.org\/wp-content\/uploads\/2020\/05\/IMG-20180608-WA0015-300x225.jpg 300w, http:\/\/www.foragua.org\/wp-content\/uploads\/2020\/05\/IMG-20180608-WA0015-768x576.jpg 768w, http:\/\/www.foragua.org\/wp-content\/uploads\/2020\/05\/IMG-20180608-WA0015.jpg 1152w\" sizes=\"(max-width: 1024px) 100vw, 1024px\" \/><\/figure><\/li><li class=\"blocks-gallery-item\"><figure><img decoding=\"async\" loading=\"lazy\" width=\"1024\" height=\"768\" src=\"http:\/\/www.foragua.org\/wp-content\/uploads\/2020\/05\/IMG-20180608-WA0009-1024x768.jpg\" alt=\"\" data-id=\"1946\" data-full-url=\"http:\/\/www.foragua.org\/wp-content\/uploads\/2020\/05\/IMG-20180608-WA0009.jpg\" data-link=\"http:\/\/www.foragua.org\/?attachment_id=1946\" class=\"wp-image-1946\" srcset=\"http:\/\/www.foragua.org\/wp-content\/uploads\/2020\/05\/IMG-20180608-WA0009-1024x768.jpg 1024w, http:\/\/www.foragua.org\/wp-content\/uploads\/2020\/05\/IMG-20180608-WA0009-300x225.jpg 300w, http:\/\/www.foragua.org\/wp-content\/uploads\/2020\/05\/IMG-20180608-WA0009-768x576.jpg 768w, http:\/\/www.foragua.org\/wp-content\/uploads\/2020\/05\/IMG-20180608-WA0009.jpg 1152w\" sizes=\"(max-width: 1024px) 100vw, 1024px\" \/><\/figure><\/li><li class=\"blocks-gallery-item\"><figure><img decoding=\"async\" loading=\"lazy\" width=\"1024\" height=\"768\" src=\"http:\/\/www.foragua.org\/wp-content\/uploads\/2020\/05\/IMG-20180608-WA0010-1024x768.jpg\" alt=\"\" data-id=\"1947\" data-full-url=\"http:\/\/www.foragua.org\/wp-content\/uploads\/2020\/05\/IMG-20180608-WA0010.jpg\" data-link=\"http:\/\/www.foragua.org\/?attachment_id=1947\" class=\"wp-image-1947\" srcset=\"http:\/\/www.foragua.org\/wp-content\/uploads\/2020\/05\/IMG-20180608-WA0010-1024x768.jpg 1024w, http:\/\/www.foragua.org\/wp-content\/uploads\/2020\/05\/IMG-20180608-WA0010-300x225.jpg 300w, http:\/\/www.foragua.org\/wp-content\/uploads\/2020\/05\/IMG-20180608-WA0010-768x576.jpg 768w, http:\/\/www.foragua.org\/wp-content\/uploads\/2020\/05\/IMG-20180608-WA0010.jpg 1152w\" sizes=\"(max-width: 1024px) 100vw, 1024px\" \/><\/figure><\/li><\/ul><\/figure>\n\n\n\n<p>Sin embargo, y a pesar de que la mayor parte de estudios sobre biodiversidad del Ecuador han sido enfocados a inventariar su flora y fauna, hasta el momento no se cuenta con documentos que enlistan la totalidad de especies de todos los grupos taxon\u00f3micos presentes en el pa\u00eds (MAE, 2010).<\/p>\n\n\n\n<p>Es muy conocida la importancia de los ecosistemas andinos, como tambi\u00e9n lo es su sensibilidad a las distintas acciones humanas, lo que ha redundado en una destrucci\u00f3n acelerada del bosque y p\u00e1ramo, as\u00ed como de las especies animales que all\u00ed habitan; y el consecuente deterioro de las condiciones y calidad de vida de sus habitantes (Ruiz, 1993). La degradaci\u00f3n ambiental y la p\u00e9rdida de especies asociadas a la decadente situaci\u00f3n ambiental derivan, principalmente, de pr\u00e1cticas de los pueblos que se asientan en zonas muy sensibles.<\/p>\n\n\n\n<p>Los ecosistemas prestan servicios ambientales para las poblaciones humanas; tal es el caso de agua para consumo, por lo mismo las \u00e1reas de donde proviene dicha agua debe tener las mejores condiciones para que sea apta. La conservaci\u00f3n de estas \u00e1reas y por ende la din\u00e1mica entre especies vegetales, animales y del medio abi\u00f3tico es primordial. Estas servicios no solo benefician a los pobladores de los alrededores, sino que adem\u00e1s benefician al pa\u00eds.<\/p>\n\n\n\n<p>De acuerdo a la informaci\u00f3n de la Secretaria Nacional del Agua se estima que en Ecuador el 70% del agua de cuencas h\u00eddricas por debajo de 2.800 msnm, no es apta para el consumo humano directo, debido a la  contaminaci\u00f3n con microorganismos pat\u00f3genos y la presencia de<br>sustancias qu\u00edmicas t\u00f3xicas (SENAGUA, 2017). La regi\u00f3n Andina presenta una elevada diversidad de ecosistema resultantes de la interacci\u00f3n de procesos biof\u00edsicos a escalas continentales, subregionales y locales (CONDESAN, 2016). Sin embargo en estos ecosistemas se muestra una constante degradaci\u00f3n por las diferentes presiones o modificaciones<br>antropog\u00e9nicas relacionadas con cambios en la cobertura vegetal (Murtinho et al., 2013), el incremento progresivo de la poblaci\u00f3n, el aumento de la explotaci\u00f3n de recursos (Pineda, 2014) y la contaminaci\u00f3n de las aguas (Acosta et al., 2009), provocando alteraciones en las cuencas<br>hidrogr\u00e1ficas (Guevara, 2014).<\/p>\n\n\n\n<p>Dentro del proyecto de conservaci\u00f3n de \u00e1reas de inter\u00e9s para la conservaci\u00f3n del recurso h\u00eddrico se consider\u00f3 la evaluaci\u00f3n del componente bi\u00f3tico y dentro de este la fauna, con el fin de determinar el grado de afectaci\u00f3n que los diversos taxones han sufrido por las actividades antr\u00f3picas. El presente informe refleja el estado de la avifauna, mastofauna, y herpetofauna; y, su grado de afectaci\u00f3n.<\/p>\n\n\n\n<figure class=\"wp-block-image size-large\"><img decoding=\"async\" loading=\"lazy\" width=\"1024\" height=\"768\" src=\"http:\/\/www.foragua.org\/wp-content\/uploads\/2020\/05\/DSCN0240-1024x768.jpg\" alt=\"\" class=\"wp-image-1332\" srcset=\"http:\/\/www.foragua.org\/wp-content\/uploads\/2020\/05\/DSCN0240-1024x768.jpg 1024w, http:\/\/www.foragua.org\/wp-content\/uploads\/2020\/05\/DSCN0240-300x225.jpg 300w, http:\/\/www.foragua.org\/wp-content\/uploads\/2020\/05\/DSCN0240-768x576.jpg 768w, http:\/\/www.foragua.org\/wp-content\/uploads\/2020\/05\/DSCN0240-1536x1152.jpg 1536w, http:\/\/www.foragua.org\/wp-content\/uploads\/2020\/05\/DSCN0240-2048x1536.jpg 2048w, http:\/\/www.foragua.org\/wp-content\/uploads\/2020\/05\/DSCN0240-830x623.jpg 830w, http:\/\/www.foragua.org\/wp-content\/uploads\/2020\/05\/DSCN0240-230x173.jpg 230w, http:\/\/www.foragua.org\/wp-content\/uploads\/2020\/05\/DSCN0240-350x263.jpg 350w, http:\/\/www.foragua.org\/wp-content\/uploads\/2020\/05\/DSCN0240-480x360.jpg 480w\" sizes=\"(max-width: 1024px) 100vw, 1024px\" \/><\/figure>\n\n\n\n<p>La caracterizaci\u00f3n de la calidad del agua de un r\u00edo implica la determinaci\u00f3n del grado, el nivel o la intensidad de la contaminaci\u00f3n que posee, la cual puede ser de origen f\u00edsico, qu\u00edmico o biol\u00f3gico, y la capacidad del sistema de restituir de manera natural las propiedades o condiciones que pose\u00eda antes de ser afectado por el agente contaminante (Quiroz Fern\u00e1ndez et al., 2017). Una de las principales deficiencias de los estudios de impacto ambiental realizados en Latinoam\u00e9rica es que la mayor\u00eda centran la importancia en el aspecto f\u00edsico-qu\u00edmico del agua, cuando es necesario el uso de metodolog\u00edas que aporten al efecto global de los principales componentes que conforman el ecosistema acu\u00e1tico (Acosta et al., 2009), en los \u00faltimos a\u00f1os, muchos pa\u00edses han aceptado la inclusi\u00f3n de los  acroinvertebrados para evaluar la calidad de los ecosistemas acu\u00e1ticos (Rold\u00e1n-P\u00e9rez, 2016). Adem\u00e1s, la composici\u00f3n bent\u00f3nica de un cuerpo de agua manifiesta efectos a largo plazo de las condiciones del h\u00e1bitat y no \u00fanicamente expresiones transitorias que las t\u00e9cnicas de qu\u00edmica anal\u00edtica convencional brinda (Terneus et al., 2013).<\/p>\n\n\n\n<figure class=\"wp-block-image size-large\"><img decoding=\"async\" loading=\"lazy\" width=\"1024\" height=\"768\" src=\"http:\/\/www.foragua.org\/wp-content\/uploads\/2020\/05\/IMG-20180608-WA0007-1024x768.jpg\" alt=\"\" class=\"wp-image-1948\" srcset=\"http:\/\/www.foragua.org\/wp-content\/uploads\/2020\/05\/IMG-20180608-WA0007-1024x768.jpg 1024w, http:\/\/www.foragua.org\/wp-content\/uploads\/2020\/05\/IMG-20180608-WA0007-300x225.jpg 300w, http:\/\/www.foragua.org\/wp-content\/uploads\/2020\/05\/IMG-20180608-WA0007-768x576.jpg 768w, http:\/\/www.foragua.org\/wp-content\/uploads\/2020\/05\/IMG-20180608-WA0007.jpg 1280w\" sizes=\"(max-width: 1024px) 100vw, 1024px\" \/><\/figure>\n\n\n\n<p>Los macroinvertebrados acu\u00e1ticos se definen como aquellos organismos que al menos durante alg\u00fan estadio de su ciclo de vida, vivan  exclusivamente en el ambiente acu\u00e1tico y que se puedan ver a simple vista, es decir, que tengan un tama\u00f1o superior a 0.5 mm de longitud (Rold\u00e1n, 2003), y han resultado ser un buen indicador de los impactos producidos por s\u00f3lidos en suspensi\u00f3n (Fossati et al., 2001). <\/p>\n\n\n\n<p>Su uso, en especial los insectos est\u00e1 generaliz\u00e1ndose en todo el mundo (Dom\u00ednguez &amp; Fern\u00e1ndez, 2009). El an\u00e1lisis biol\u00f3gico permite conocer los cambios en las condiciones del cuerpo de agua, estudiando la sensibilidad de la biota a los  ontaminantes presentes y su efectividad ha permitido en los \u00faltimos a\u00f1os el desarrollo de \u00edndices bi\u00f3ticos para valorar el efecto de las intervenciones humanas sobre dichos ecosistemas (Machado et al., 2018). Los \u00edndices biol\u00f3gicos asocian la taxa con su nivel de tolerancia a la contaminaci\u00f3n (Molina et al., 2008), son un m\u00e9todo simple y r\u00e1pido para evaluar la calidad del agua usando los macroinvertebrados como bioindicadores, optimizando tiempo y recursos, consisten en asignar un puntaje de acuerdo a la tolerancia y sus datos, algunos requieren solamente llegar hasta nivel de familia y los datos son cualitativos o cuantitativos dependiendo del \u00edndice que se emplee (Rold\u00e1n-P\u00e9rez, 2016). <\/p>\n\n\n\n<figure class=\"wp-block-image size-large\"><img decoding=\"async\" loading=\"lazy\" width=\"886\" height=\"1024\" src=\"http:\/\/www.foragua.org\/wp-content\/uploads\/2020\/05\/Macro-886x1024.png\" alt=\"\" class=\"wp-image-1840\" srcset=\"http:\/\/www.foragua.org\/wp-content\/uploads\/2020\/05\/Macro-886x1024.png 886w, http:\/\/www.foragua.org\/wp-content\/uploads\/2020\/05\/Macro-259x300.png 259w, http:\/\/www.foragua.org\/wp-content\/uploads\/2020\/05\/Macro-768x888.png 768w, http:\/\/www.foragua.org\/wp-content\/uploads\/2020\/05\/Macro.png 903w\" sizes=\"(max-width: 886px) 100vw, 886px\" \/><figcaption>Ejemplo de macroivertebrados bent\u00f3nicos<\/figcaption><\/figure>\n\n\n\n<div class=\"wp-block-group\"><div class=\"wp-block-group__inner-container is-layout-flow\">\n<div class=\"wp-block-group\"><div class=\"wp-block-group__inner-container is-layout-flow\">\n<figure class=\"wp-block-gallery columns-1 is-cropped wp-block-gallery-3 is-layout-flex\"><ul class=\"blocks-gallery-grid\"><li class=\"blocks-gallery-item\"><figure><img decoding=\"async\" src=\"https:\/\/scontent.floh2-1.fna.fbcdn.net\/v\/t1.0-9\/33531730_894175084088597_8907906285236649984_n.jpg?_nc_cat=105&amp;_nc_sid=110474&amp;_nc_eui2=AeGAGOmsdFvA6KeICLY073gEUuCU4abVRpBS4JThptVGkPRYV0QBZiwxqr8k9XUeYPTvNwp2g3b_2pVT67a-zhGn&amp;_nc_ohc=DtnIKYsKEOoAX9zKqhh&amp;_nc_ht=scontent.floh2-1.fna&amp;oh=c4e208165041a7cbf00b8ed1afefae72&amp;oe=5EEA40C3&amp;dl=1\" alt=\"\"\/><\/figure><\/li><\/ul><\/figure>\n<\/div><\/div>\n<\/div><\/div>\n\n\n\n<figure class=\"wp-block-image size-large\"><img decoding=\"async\" loading=\"lazy\" width=\"747\" height=\"1024\" src=\"http:\/\/www.foragua.org\/wp-content\/uploads\/2020\/05\/macro1-747x1024.png\" alt=\"\" class=\"wp-image-1841\" srcset=\"http:\/\/www.foragua.org\/wp-content\/uploads\/2020\/05\/macro1-747x1024.png 747w, http:\/\/www.foragua.org\/wp-content\/uploads\/2020\/05\/macro1-219x300.png 219w, http:\/\/www.foragua.org\/wp-content\/uploads\/2020\/05\/macro1-768x1053.png 768w, http:\/\/www.foragua.org\/wp-content\/uploads\/2020\/05\/macro1.png 788w\" sizes=\"(max-width: 747px) 100vw, 747px\" \/><\/figure>\n\n\n\n<p>El \u00edndice BMWP\/col es uno de los m\u00e1s empleados en Latinoam\u00e9rica, junto con el \u00edndice EPT (Ephemeroptera, Plecoptera, Trichoptera), as\u00ed como tambi\u00e9n el \u00edndice ABI, que es una modificaci\u00f3n del BMWP. Los \u00f3rdenes Ephemeroptera, Plecoptera, Trichoptera, son indicadores de buena calidad de agua, mientras que los \u00f3rdenes D\u00edptera y algunos an\u00e9lidos son indicadores de aguas con alta carga org\u00e1nica, los cuales brindan una idea bastante precisa del estado del ambiente acu\u00e1tico (Dean Jacobsen et al., 1997; Terneus et al., 2013).<\/p>\n\n\n\n<div class=\"wp-block-group is-layout-flow\"><div class=\"wp-block-group__inner-container\"><\/div><\/div>\n\n\n\n<h2 class=\"wp-block-heading\">ESTUDIOS REALIZADOS:<\/h2>\n\n\n\n<figure class=\"wp-block-image size-large\"><img decoding=\"async\" loading=\"lazy\" width=\"685\" height=\"1024\" src=\"http:\/\/www.foragua.org\/wp-content\/uploads\/2020\/05\/IMG-20191122-WA0000-685x1024.jpg\" alt=\"\" class=\"wp-image-1772\" srcset=\"http:\/\/www.foragua.org\/wp-content\/uploads\/2020\/05\/IMG-20191122-WA0000-685x1024.jpg 685w, http:\/\/www.foragua.org\/wp-content\/uploads\/2020\/05\/IMG-20191122-WA0000-201x300.jpg 201w, http:\/\/www.foragua.org\/wp-content\/uploads\/2020\/05\/IMG-20191122-WA0000-768x1148.jpg 768w, http:\/\/www.foragua.org\/wp-content\/uploads\/2020\/05\/IMG-20191122-WA0000.jpg 856w\" sizes=\"(max-width: 685px) 100vw, 685px\" \/><\/figure>\n\n\n\n<p><a href=\"https:\/\/drive.google.com\/open?id=1KklxwLz6RJofdiFvuXPtjP0vBtRnVlsv\">EER-\u00c1rea de conservaci\u00f3n municipal de el Cant\u00f3n El Pangui.<\/a><\/p>\n\n\n\n<p><a href=\"https:\/\/drive.google.com\/open?id=1H72IhabKcjEJB7qL71F4yp3GxQhzfz3Z\" target=\"_blank\" rel=\"noreferrer noopener\">EER-\u00c1rea de conservaci\u00f3n municipal de el Cant\u00f3n Centinela del C\u00f3ndor.<\/a><\/p>\n\n\n\n<p><a href=\"https:\/\/drive.google.com\/open?id=1lRVaLqTEFLjRb4VdlNyJO2RE15ZNp2wP\" target=\"_blank\" rel=\"noreferrer noopener\">EER-\u00c1rea de conservaci\u00f3n municipal de el Cant\u00f3n Palanda.<\/a><\/p>\n\n\n\n<p><a href=\"https:\/\/drive.google.com\/open?id=1nYmVbmnOST7FfuAb40Vbn26-vO2aH2FU\" target=\"_blank\" rel=\"noreferrer noopener\">EER-\u00c1rea de conservaci\u00f3n municipal de el Cant\u00f3n Sozoranga.<\/a><\/p>\n\n\n\n<p><a href=\"https:\/\/drive.google.com\/open?id=1o9NYNx35v_uPMhFYATSYwavdY2Kl5MeD\" target=\"_blank\" rel=\"noreferrer noopener\">EER-\u00c1rea de conservaci\u00f3n municipal de el Cant\u00f3n Saraguro.<\/a><\/p>\n\n\n\n<p>EER-\u00c1rea de conservaci\u00f3n municipal de el Cant\u00f3n Loja (en proceso).<\/p>\n\n\n\n<p><\/p>\n","protected":false},"excerpt":{"rendered":"<p>\u00bfQu\u00e9 es la\u00a0Evaluaci\u00f3n Ecol\u00f3gica R\u00e1pida? (EER) Es una estrategia para el estudio de la diversidad biol\u00f3gica utilizada para generar con agilidad informaci\u00f3n preliminar e integral sobre las distribuciones de las especies y los tipos de vegetaci\u00f3n (TNC, 2002). Mittermeier y Robles (1997) incluyen al Ecuador como uno de los 17 pa\u00edses megadiversos del mundo o, [&hellip;]<\/p>\n","protected":false},"author":1,"featured_media":1336,"parent":0,"menu_order":0,"comment_status":"closed","ping_status":"closed","template":"","meta":[],"_links":{"self":[{"href":"http:\/\/www.foragua.org\/index.php?rest_route=\/wp\/v2\/pages\/1674"}],"collection":[{"href":"http:\/\/www.foragua.org\/index.php?rest_route=\/wp\/v2\/pages"}],"about":[{"href":"http:\/\/www.foragua.org\/index.php?rest_route=\/wp\/v2\/types\/page"}],"author":[{"embeddable":true,"href":"http:\/\/www.foragua.org\/index.php?rest_route=\/wp\/v2\/users\/1"}],"replies":[{"embeddable":true,"href":"http:\/\/www.foragua.org\/index.php?rest_route=%2Fwp%2Fv2%2Fcomments&post=1674"}],"version-history":[{"count":5,"href":"http:\/\/www.foragua.org\/index.php?rest_route=\/wp\/v2\/pages\/1674\/revisions"}],"predecessor-version":[{"id":2009,"href":"http:\/\/www.foragua.org\/index.php?rest_route=\/wp\/v2\/pages\/1674\/revisions\/2009"}],"wp:featuredmedia":[{"embeddable":true,"href":"http:\/\/www.foragua.org\/index.php?rest_route=\/wp\/v2\/media\/1336"}],"wp:attachment":[{"href":"http:\/\/www.foragua.org\/index.php?rest_route=%2Fwp%2Fv2%2Fmedia&parent=1674"}],"curies":[{"name":"wp","href":"https:\/\/api.w.org\/{rel}","templated":true}]}}