{"id":1693,"date":"2020-05-15T13:51:07","date_gmt":"2020-05-15T18:51:07","guid":{"rendered":"http:\/\/www.foragua.org\/?page_id=1693"},"modified":"2022-01-09T22:38:24","modified_gmt":"2022-01-10T03:38:24","slug":"areas-de-conservacion-municipales-2","status":"publish","type":"page","link":"http:\/\/www.foragua.org\/?page_id=1693","title":{"rendered":"\u00c1REAS DE CONSERVACI\u00d3N"},"content":{"rendered":"\n<p>Con el apoyo de PROAMAZONIA, el PdI ha promovido el establecimiento de 337.835,98 hect\u00e1reas como \u00e1reas de conservaci\u00f3n municipales y de uso sostenible (ACMUS) bajo ordenanzas, como lo estable del c\u00f3digo org\u00e1nico ambiental del Ecuador. La meta es llegar a establecer 551823,63 hect\u00e1reas como plan estrat\u00e9gico al a\u00f1o 2025 y procurar la conservaci\u00f3n del recurso h\u00eddrico a m\u00e1s de un mill\u00f3n de personas.<\/p>\n","protected":false},"excerpt":{"rendered":"<p>Con el apoyo de PROAMAZONIA, el PdI ha promovido el establecimiento de 337.835,98 hect\u00e1reas como \u00e1reas de conservaci\u00f3n municipales y de uso sostenible (ACMUS) bajo ordenanzas, como lo estable del c\u00f3digo org\u00e1nico ambiental del Ecuador. La meta es llegar a establecer 551823,63 hect\u00e1reas como plan estrat\u00e9gico al a\u00f1o 2025 y procurar la conservaci\u00f3n del recurso [&hellip;]<\/p>\n","protected":false},"author":1,"featured_media":2129,"parent":0,"menu_order":0,"comment_status":"closed","ping_status":"closed","template":"","meta":[],"_links":{"self":[{"href":"http:\/\/www.foragua.org\/index.php?rest_route=\/wp\/v2\/pages\/1693"}],"collection":[{"href":"http:\/\/www.foragua.org\/index.php?rest_route=\/wp\/v2\/pages"}],"about":[{"href":"http:\/\/www.foragua.org\/index.php?rest_route=\/wp\/v2\/types\/page"}],"author":[{"embeddable":true,"href":"http:\/\/www.foragua.org\/index.php?rest_route=\/wp\/v2\/users\/1"}],"replies":[{"embeddable":true,"href":"http:\/\/www.foragua.org\/index.php?rest_route=%2Fwp%2Fv2%2Fcomments&post=1693"}],"version-history":[{"count":3,"href":"http:\/\/www.foragua.org\/index.php?rest_route=\/wp\/v2\/pages\/1693\/revisions"}],"predecessor-version":[{"id":2131,"href":"http:\/\/www.foragua.org\/index.php?rest_route=\/wp\/v2\/pages\/1693\/revisions\/2131"}],"wp:featuredmedia":[{"embeddable":true,"href":"http:\/\/www.foragua.org\/index.php?rest_route=\/wp\/v2\/media\/2129"}],"wp:attachment":[{"href":"http:\/\/www.foragua.org\/index.php?rest_route=%2Fwp%2Fv2%2Fmedia&parent=1693"}],"curies":[{"name":"wp","href":"https:\/\/api.w.org\/{rel}","templated":true}]}}