{"id":340,"date":"2017-07-17T10:44:18","date_gmt":"2017-07-17T15:44:18","guid":{"rendered":"http:\/\/www.foragua.org\/?page_id=340"},"modified":"2017-07-23T18:55:51","modified_gmt":"2017-07-23T23:55:51","slug":"programa-mesa-del-agua","status":"publish","type":"page","link":"http:\/\/www.foragua.org\/?page_id=340","title":{"rendered":"Programa Mesa del Agua"},"content":{"rendered":"<p style=\"text-align: justify;\">Desde el mes de febrero del 2015 se instaur\u00f3 en un acuerdo de voluntades denominado la \u201cMesa del Agua\u201d, convocada por SENAGUA DHPC y FORAGUA. Esta convoco a varias instituciones como INAMHI, SGR, GPL, MSP, ARCOM, ARCSA, MAE, UTPL, NCI. En esta reuni\u00f3n se trat\u00f3 la problem\u00e1tica de la cuenca Catamayo y Puyango respecto de la calidad y cantidad de agua, con la finalidad de articular CIONES CONJUNTAS Y NO DUPLICAR ESFUERZOS TECNICOS, LOGISTICOS, ECONOMICOS Y ADMINISTRATIVOS. Se inici\u00f3 una evaluaci\u00f3n preliminar de las EDAs con la informaci\u00f3n del MSP Z-7 para conocer los costos que representan al estado en comparaci\u00f3n con el ahorro que se puede lograr si se interviene en las fuentes de agua.<\/p>\n<p style=\"text-align: justify;\">El 5 de junio del 2015, se efect\u00faa la segunda reuni\u00f3n de la \u201cMesa del Agua\u201d, y se socializa los mapas de priorizaci\u00f3n cantonal y parroquial en funci\u00f3n de la evaluaci\u00f3n de la EDAs efectuado. En esta reuni\u00f3n se prioriz\u00f3 a 22 juntas de agua<strong>.<\/strong><\/p>\n<p style=\"text-align: justify;\"><strong>\u00a0<\/strong>Del 24 al 27 de Agosto del 2015 en la ciudad de Catamayo, se realiza la primera escuela de agua dirigida a las juntas de agua priorizadas bajo la metodologia de la ARAs desarrollada por la Fundaci\u00f3n Natura de Bolivia, quienes auspiciaron el evento con t\u00e9cnicos de Bolivia.<\/p>\n<p style=\"text-align: justify;\"><strong>\u00a0<\/strong>El 19 de febrero del 2016 \u00a0se conforman las mesas tem\u00e1ticas para desarrollar las primeras actividades:<\/p>\n<p style=\"text-align: justify;\"><strong>Mesa 1:<\/strong> Gesti\u00f3n compartida en la administraci\u00f3n, protecci\u00f3n y conservaci\u00f3n de vertientes (Coordinador MAE)<\/p>\n<p style=\"text-align: justify;\"><strong>Mesa 2:<\/strong> Gesti\u00f3n para el tratamiento del agua de uso humano con \u00e9nfasis en la salud p\u00fablica (Coordinador MSP)<\/p>\n<p style=\"text-align: justify;\"><strong>Mesa 3:<\/strong> Evaluaci\u00f3n y control de los ecosistemas asociados (investigaci\u00f3n, contaminaci\u00f3n, remediaci\u00f3n y capacitaci\u00f3n) (Coordinador FORAGUA)<\/p>\n<p style=\"text-align: justify;\"><strong>Mesa 4:<\/strong> Sistemas de informaci\u00f3n y monitoreo del agua (Coordinador SENAGUA)<\/p>\n<p style=\"text-align: justify;\"><strong>Mesa 5:<\/strong> Monitoreo de vertientes de generaci\u00f3n de energ\u00eda (Coordinador CELEC-SENAGUA)<\/p>\n<p style=\"text-align: justify;\"><strong>Mesa 6<\/strong>: Legislacion y conflictos (Coordinador Catedra UNESCO-UTPL)<\/p>\n<p style=\"text-align: justify;\">Esta reuni\u00f3n se propone iniciar las gestiones en base a la experiencia con las juntas de agua capacitadas de la primera \u201cESCUELA DEL AGUA\u201d, para lo cual se presenta un proyecto por parte de NCI a la Fundacion TINKER de EEUU para lograr el financiamiento. El mes de Julio2016 se logra el financiaminto por el valor de 420 mil d\u00f3lares.<\/p>\n<p style=\"text-align: justify;\">El mes de agosto del 2016 se inicia los acercamientos con SENAGUA DHCP, FORAGUA y NCI para estructurar la ESCUELA DE AGUA, apoyados en el aval y la plataforma de Educaci\u00f3n a Distancia de la UTPL (Universidad T\u00e9cnica Particular de Loja). Este primer piloto de esta gran iniciativa busca capacitar a 24 GADs Municipales para que adquieran destrezas \u00a0y se inicia las primeras gestiones para desarrollar la gesti\u00f2n eficiente del agua. Con las siguientes tem\u00e1tica iniciales: SIG Basico, SIG Internedio, SIG avanzado, Consercaci\u00f3n, Manejo Integrado de Cuencas Hidrograficas, Proyectos, Legislaci\u00f3n ambiental, Monitoreo de Indicadoras, Herramientas econ\u00f3micas y Administrativas para la conservaci\u00f3n ambiental, etc.<\/p>\n<p style=\"text-align: justify;\">Para alcanzar los objetivos propuestos, es necesario el aval de la m\u00e1xima autoridad competente de la SENAGUA.<\/p>\n<p style=\"text-align: justify;\">Para la primera semana de octubre se planifica el lanzamiento de la \u201cESCUELA DEL AGUA\u201d, para lo cual se requiere el apoyo de las instituciones en la firma del acuerdo de compromiso de constituci\u00f3n del la Mesa del Agua y los convenios para la creaci\u00f3n de la Escuela del Agua.<\/p>\n<p style=\"text-align: justify;\">Est\u00e1 planificao desarrollar los m\u00f3dulos, tem\u00e1ticas y gu\u00edas metodol\u00f3gicas hasta el mes de marzo del 2017 conjuntamente con los docentes investigadores del \u00c1rea de Ciencias Naturales de la UTPL. A partir de Abril se inicia los cursos dirigidos a T\u00e9cnicos municpales, Procurados S\u00edndico Municpales, Directores de Planificaci\u00f3n Municipal de los 24 municipios selecionados de la Regi\u00f3n de las provincias, de Azuay, Loja, Zamora, El Oro y Napo.<\/p>\n<p>&nbsp;<\/p>\n","protected":false},"excerpt":{"rendered":"<p>Desde el mes de febrero del 2015 se instaur\u00f3 en un acuerdo de voluntades denominado la \u201cMesa del Agua\u201d, convocada por SENAGUA DHPC y FORAGUA. Esta convoco a varias instituciones como INAMHI, SGR, GPL, MSP, ARCOM, ARCSA, MAE, UTPL, NCI. En esta reuni\u00f3n se trat\u00f3 la problem\u00e1tica de la cuenca Catamayo y Puyango respecto de [&hellip;]<\/p>\n","protected":false},"author":1,"featured_media":787,"parent":0,"menu_order":0,"comment_status":"closed","ping_status":"closed","template":"","meta":[],"_links":{"self":[{"href":"http:\/\/www.foragua.org\/index.php?rest_route=\/wp\/v2\/pages\/340"}],"collection":[{"href":"http:\/\/www.foragua.org\/index.php?rest_route=\/wp\/v2\/pages"}],"about":[{"href":"http:\/\/www.foragua.org\/index.php?rest_route=\/wp\/v2\/types\/page"}],"author":[{"embeddable":true,"href":"http:\/\/www.foragua.org\/index.php?rest_route=\/wp\/v2\/users\/1"}],"replies":[{"embeddable":true,"href":"http:\/\/www.foragua.org\/index.php?rest_route=%2Fwp%2Fv2%2Fcomments&post=340"}],"version-history":[{"count":3,"href":"http:\/\/www.foragua.org\/index.php?rest_route=\/wp\/v2\/pages\/340\/revisions"}],"predecessor-version":[{"id":789,"href":"http:\/\/www.foragua.org\/index.php?rest_route=\/wp\/v2\/pages\/340\/revisions\/789"}],"wp:featuredmedia":[{"embeddable":true,"href":"http:\/\/www.foragua.org\/index.php?rest_route=\/wp\/v2\/media\/787"}],"wp:attachment":[{"href":"http:\/\/www.foragua.org\/index.php?rest_route=%2Fwp%2Fv2%2Fmedia&parent=340"}],"curies":[{"name":"wp","href":"https:\/\/api.w.org\/{rel}","templated":true}]}}