{"id":352,"date":"2017-07-17T10:49:22","date_gmt":"2017-07-17T15:49:22","guid":{"rendered":"http:\/\/www.foragua.org\/?page_id=352"},"modified":"2017-07-23T18:47:19","modified_gmt":"2017-07-23T23:47:19","slug":"nuestros-visitantes","status":"publish","type":"page","link":"http:\/\/www.foragua.org\/?page_id=352","title":{"rendered":"Nuestros visitantes"},"content":{"rendered":"<p style=\"text-align: justify;\"><strong>FORAGUA<\/strong> es la \u00fanica iniciativa que naci\u00f3 bajo el modelo de un mecanismo que basa su gesti\u00f3n a trav\u00e9s de tasas ambientales por ordenanza municipal. Actualmente el modelo se <strong>replic\u00f3 en el FONAPA que es su similar para la protecci\u00f3n de la cuenca del Paute.<\/strong><\/p>\n<p style=\"text-align: justify;\">Este mecanismo apoyado en el asesoramiento a varios municipios del pa\u00eds y est\u00e1 considerado como delo \u00fanico en la Regi\u00f3n de Sud Am\u00e9rica. Tambi\u00e9n han visitado la experiencia pa\u00edses de Vietnam, Filipinas, Per\u00fa, Brasil, Bolivia, EEUU, B\u00e9lgica, Francia.<\/p>\n<p><a href=\"http:\/\/www.foragua.org\/wp-content\/uploads\/2017\/07\/1939786_4126632460537_482322622857430364_n.jpg\"><img decoding=\"async\" loading=\"lazy\" class=\"aligncenter wp-image-783 size-full\" src=\"http:\/\/www.foragua.org\/wp-content\/uploads\/2017\/07\/1939786_4126632460537_482322622857430364_n.jpg\" alt=\"\" width=\"960\" height=\"720\" srcset=\"http:\/\/www.foragua.org\/wp-content\/uploads\/2017\/07\/1939786_4126632460537_482322622857430364_n.jpg 960w, http:\/\/www.foragua.org\/wp-content\/uploads\/2017\/07\/1939786_4126632460537_482322622857430364_n-300x225.jpg 300w, http:\/\/www.foragua.org\/wp-content\/uploads\/2017\/07\/1939786_4126632460537_482322622857430364_n-768x576.jpg 768w, http:\/\/www.foragua.org\/wp-content\/uploads\/2017\/07\/1939786_4126632460537_482322622857430364_n-508x381.jpg 508w\" sizes=\"(max-width: 960px) 100vw, 960px\" \/><\/a><\/p>\n<p><a href=\"http:\/\/www.foragua.org\/wp-content\/uploads\/2017\/07\/10563211_4767281676367_3618209351959164469_n-1.jpg\"><img decoding=\"async\" loading=\"lazy\" class=\"aligncenter wp-image-784 size-full\" src=\"http:\/\/www.foragua.org\/wp-content\/uploads\/2017\/07\/10563211_4767281676367_3618209351959164469_n-1.jpg\" alt=\"\" width=\"960\" height=\"720\" srcset=\"http:\/\/www.foragua.org\/wp-content\/uploads\/2017\/07\/10563211_4767281676367_3618209351959164469_n-1.jpg 960w, http:\/\/www.foragua.org\/wp-content\/uploads\/2017\/07\/10563211_4767281676367_3618209351959164469_n-1-300x225.jpg 300w, http:\/\/www.foragua.org\/wp-content\/uploads\/2017\/07\/10563211_4767281676367_3618209351959164469_n-1-768x576.jpg 768w, http:\/\/www.foragua.org\/wp-content\/uploads\/2017\/07\/10563211_4767281676367_3618209351959164469_n-1-508x381.jpg 508w\" sizes=\"(max-width: 960px) 100vw, 960px\" \/><\/a> <a href=\"http:\/\/www.foragua.org\/wp-content\/uploads\/2017\/07\/14039897_587795184726590_421503669958666443_n.jpg\"><img decoding=\"async\" loading=\"lazy\" class=\"aligncenter wp-image-785 size-full\" src=\"http:\/\/www.foragua.org\/wp-content\/uploads\/2017\/07\/14039897_587795184726590_421503669958666443_n.jpg\" alt=\"\" width=\"960\" height=\"540\" srcset=\"http:\/\/www.foragua.org\/wp-content\/uploads\/2017\/07\/14039897_587795184726590_421503669958666443_n.jpg 960w, http:\/\/www.foragua.org\/wp-content\/uploads\/2017\/07\/14039897_587795184726590_421503669958666443_n-300x169.jpg 300w, http:\/\/www.foragua.org\/wp-content\/uploads\/2017\/07\/14039897_587795184726590_421503669958666443_n-768x432.jpg 768w, http:\/\/www.foragua.org\/wp-content\/uploads\/2017\/07\/14039897_587795184726590_421503669958666443_n-508x286.jpg 508w\" sizes=\"(max-width: 960px) 100vw, 960px\" \/><\/a><\/p>\n","protected":false},"excerpt":{"rendered":"<p>FORAGUA es la \u00fanica iniciativa que naci\u00f3 bajo el modelo de un mecanismo que basa su gesti\u00f3n a trav\u00e9s de tasas ambientales por ordenanza municipal. Actualmente el modelo se replic\u00f3 en el FONAPA que es su similar para la protecci\u00f3n de la cuenca del Paute. Este mecanismo apoyado en el asesoramiento a varios municipios del [&hellip;]<\/p>\n","protected":false},"author":1,"featured_media":688,"parent":0,"menu_order":0,"comment_status":"closed","ping_status":"closed","template":"","meta":[],"_links":{"self":[{"href":"http:\/\/www.foragua.org\/index.php?rest_route=\/wp\/v2\/pages\/352"}],"collection":[{"href":"http:\/\/www.foragua.org\/index.php?rest_route=\/wp\/v2\/pages"}],"about":[{"href":"http:\/\/www.foragua.org\/index.php?rest_route=\/wp\/v2\/types\/page"}],"author":[{"embeddable":true,"href":"http:\/\/www.foragua.org\/index.php?rest_route=\/wp\/v2\/users\/1"}],"replies":[{"embeddable":true,"href":"http:\/\/www.foragua.org\/index.php?rest_route=%2Fwp%2Fv2%2Fcomments&post=352"}],"version-history":[{"count":3,"href":"http:\/\/www.foragua.org\/index.php?rest_route=\/wp\/v2\/pages\/352\/revisions"}],"predecessor-version":[{"id":786,"href":"http:\/\/www.foragua.org\/index.php?rest_route=\/wp\/v2\/pages\/352\/revisions\/786"}],"wp:featuredmedia":[{"embeddable":true,"href":"http:\/\/www.foragua.org\/index.php?rest_route=\/wp\/v2\/media\/688"}],"wp:attachment":[{"href":"http:\/\/www.foragua.org\/index.php?rest_route=%2Fwp%2Fv2%2Fmedia&parent=352"}],"curies":[{"name":"wp","href":"https:\/\/api.w.org\/{rel}","templated":true}]}}