{"id":432,"date":"2017-07-17T21:49:41","date_gmt":"2017-07-18T02:49:41","guid":{"rendered":"http:\/\/www.foragua.org\/?page_id=432"},"modified":"2023-07-14T12:17:17","modified_gmt":"2023-07-14T17:17:17","slug":"directorio","status":"publish","type":"page","link":"http:\/\/www.foragua.org\/?page_id=432","title":{"rendered":"Junta y Directorio"},"content":{"rendered":"<p style=\"text-align: justify;\">El directorio de FORAGUA, esta constituido por 5 miembros por periodos de hasta 2 a\u00f1os, la presidencia del fideicomiso es rotativa entre las tres provincias y es asumida por el mayor aportante\u00a0 al patrimonio, solo puede ser atribuida a un alcalde hasta por periodos de 2 a 3 a\u00f1os. Para el periodo 2021-2024 esta conformado por los alcaldes de los municipios de Macar\u00e1, Palanda, Pangui, Loja y la <a href=\"https:\/\/natureandculture.org\/\">Organizaci\u00f3n NCI<\/a>. El presidente actualmente es el alcalde del\u00a0 GAD Municipal\u00a0 de Macar\u00e1, Dr. Alfredo Suquilanda .<\/p>\n<p style=\"text-align: justify;\">El directorio se re\u00fane cada 3 meses y la Junta una ves al a\u00f1o, pudiendo convocar reuniones extraordinarias por el presidente del directorio y el Secretario T\u00e9cnico. Estas reuniones se pueden realizar en el lugar que acuerde el directorio dentro de la Regi\u00f3n 7 en los cabildos de sus constituyentes. El Fondo Regional del Agua &#8211; FORAGUA est\u00e1 estructurado en fusi\u00f3n de estipulado en el contrato de fideicomiso de la siguiente manera: <a href=\"http:\/\/www.foragua.org\/wp-content\/uploads\/2020\/05\/Organigrama.png\"><img decoding=\"async\" loading=\"lazy\" class=\"alignleft size-large wp-image-1658\" src=\"http:\/\/www.foragua.org\/wp-content\/uploads\/2020\/05\/Organigrama-1024x540.png\" alt=\"\" width=\"656\" height=\"346\" srcset=\"http:\/\/www.foragua.org\/wp-content\/uploads\/2020\/05\/Organigrama-1024x540.png 1024w, http:\/\/www.foragua.org\/wp-content\/uploads\/2020\/05\/Organigrama-300x158.png 300w, http:\/\/www.foragua.org\/wp-content\/uploads\/2020\/05\/Organigrama-768x405.png 768w, http:\/\/www.foragua.org\/wp-content\/uploads\/2020\/05\/Organigrama-1536x809.png 1536w, http:\/\/www.foragua.org\/wp-content\/uploads\/2020\/05\/Organigrama.png 1892w\" sizes=\"(max-width: 656px) 100vw, 656px\" \/><\/a><\/p>\n<p>La Corporaci\u00f3n Financiera Nacional \u00abCFN\u00bb, como fiduciaria y representante legal del fideicomiso FORAGUA, es la que administra los recursos que aportan sus constituyentes, los cuales son ejecutados en base a un plan de inversiones que presenta cada municipio a trav\u00e9s de la Secretar\u00eda T\u00e9cnica para ser aprobados en el Directorio.<\/p>\n<p><a href=\"http:\/\/www.foragua.org\/wp-content\/uploads\/2020\/05\/IMG-20190430-WA0064.jpg\"><img decoding=\"async\" loading=\"lazy\" class=\"alignleft size-large wp-image-1616\" src=\"http:\/\/www.foragua.org\/wp-content\/uploads\/2020\/05\/IMG-20190430-WA0064-1024x627.jpg\" alt=\"\" width=\"656\" height=\"402\" srcset=\"http:\/\/www.foragua.org\/wp-content\/uploads\/2020\/05\/IMG-20190430-WA0064-1024x627.jpg 1024w, http:\/\/www.foragua.org\/wp-content\/uploads\/2020\/05\/IMG-20190430-WA0064-300x184.jpg 300w, http:\/\/www.foragua.org\/wp-content\/uploads\/2020\/05\/IMG-20190430-WA0064-768x470.jpg 768w, http:\/\/www.foragua.org\/wp-content\/uploads\/2020\/05\/IMG-20190430-WA0064.jpg 1280w\" sizes=\"(max-width: 656px) 100vw, 656px\" \/><\/a><\/p>\n<p>La fiduciaria y la la Secretar\u00eda T\u00e9cnica, trimestralmente presentan la Rendici\u00f3n de Cuentas del estado financiero y t\u00e9cnico de la ejecuci\u00f3n de las acciones y disposiciones al Directorio y anualmente a la Junta.\u00a0<a href=\"http:\/\/www.foragua.org\/wp-content\/uploads\/2017\/07\/Mecanismo-operativo.png\" target=\"_blank\" rel=\"noopener noreferrer\"><br \/>\n<img decoding=\"async\" loading=\"lazy\" class=\"aligncenter wp-image-436 size-full\" src=\"http:\/\/www.foragua.org\/wp-content\/uploads\/2017\/07\/Mecanismo-operativo.png\" alt=\"\" width=\"1441\" height=\"1125\" srcset=\"http:\/\/www.foragua.org\/wp-content\/uploads\/2017\/07\/Mecanismo-operativo.png 1441w, http:\/\/www.foragua.org\/wp-content\/uploads\/2017\/07\/Mecanismo-operativo-300x234.png 300w, http:\/\/www.foragua.org\/wp-content\/uploads\/2017\/07\/Mecanismo-operativo-768x600.png 768w, http:\/\/www.foragua.org\/wp-content\/uploads\/2017\/07\/Mecanismo-operativo-1024x799.png 1024w\" sizes=\"(max-width: 1441px) 100vw, 1441px\" \/><\/a><\/p>\n","protected":false},"excerpt":{"rendered":"<p>El directorio de FORAGUA, esta constituido por 5 miembros por periodos de hasta 2 a\u00f1os, la presidencia del fideicomiso es rotativa entre las tres provincias y es asumida por el mayor aportante\u00a0 al patrimonio, solo puede ser atribuida a un alcalde hasta por periodos de 2 a 3 a\u00f1os. Para el periodo 2021-2024 esta conformado [&hellip;]<\/p>\n","protected":false},"author":1,"featured_media":1646,"parent":0,"menu_order":0,"comment_status":"closed","ping_status":"closed","template":"","meta":[],"_links":{"self":[{"href":"http:\/\/www.foragua.org\/index.php?rest_route=\/wp\/v2\/pages\/432"}],"collection":[{"href":"http:\/\/www.foragua.org\/index.php?rest_route=\/wp\/v2\/pages"}],"about":[{"href":"http:\/\/www.foragua.org\/index.php?rest_route=\/wp\/v2\/types\/page"}],"author":[{"embeddable":true,"href":"http:\/\/www.foragua.org\/index.php?rest_route=\/wp\/v2\/users\/1"}],"replies":[{"embeddable":true,"href":"http:\/\/www.foragua.org\/index.php?rest_route=%2Fwp%2Fv2%2Fcomments&post=432"}],"version-history":[{"count":10,"href":"http:\/\/www.foragua.org\/index.php?rest_route=\/wp\/v2\/pages\/432\/revisions"}],"predecessor-version":[{"id":2182,"href":"http:\/\/www.foragua.org\/index.php?rest_route=\/wp\/v2\/pages\/432\/revisions\/2182"}],"wp:featuredmedia":[{"embeddable":true,"href":"http:\/\/www.foragua.org\/index.php?rest_route=\/wp\/v2\/media\/1646"}],"wp:attachment":[{"href":"http:\/\/www.foragua.org\/index.php?rest_route=%2Fwp%2Fv2%2Fmedia&parent=432"}],"curies":[{"name":"wp","href":"https:\/\/api.w.org\/{rel}","templated":true}]}}