{"id":772,"date":"2017-07-23T18:25:41","date_gmt":"2017-07-23T23:25:41","guid":{"rendered":"http:\/\/www.foragua.org\/?page_id=772"},"modified":"2024-04-13T22:59:41","modified_gmt":"2024-04-14T03:59:41","slug":"contacto","status":"publish","type":"page","link":"http:\/\/www.foragua.org\/?page_id=772","title":{"rendered":"Contacto"},"content":{"rendered":"<p><strong>Contacto<\/strong><\/p>\n<p><strong>Email: <\/strong>foragua@gmail.com<\/p>\n<p><b>Direcci\u00f3n<\/b><strong>:<\/strong> Av. Mara\u00f1\u00f3n y Calle Yacuambi, Edificio SAVANNAH 13-83, Piso 2, Oficina 3, Loja, Ecuador.<\/p>\n<p><b>C\u00f3digo<\/b><strong>\u00a0postal:<\/strong> EC110103<\/p>\n<p><iframe loading=\"lazy\" style=\"border: 0;\" src=\"https:\/\/www.google.com\/maps\/embed?pb=!1m18!1m12!1m3!1d995.0217447933609!2d-79.1950887708512!3d-4.002540461984051!2m3!1f0!2f0!3f0!3m2!1i1024!2i768!4f13.1!3m3!1m2!1s0x91cb380155a6e317%3A0x64009cdea7fa6114!2sOFICINAS+FORAGUA+EDIFICIO+SAVANNAH+13-83%2C+PISO+2%2C+OFICINA+3!5e0!3m2!1ses-419!2sec!4v1523929288946\" width=\"600\" height=\"450\" frameborder=\"0\" allowfullscreen=\"allowfullscreen\"><\/iframe><\/p>\n","protected":false},"excerpt":{"rendered":"<p>Contacto Email: foragua@gmail.com Direcci\u00f3n: Av. Mara\u00f1\u00f3n y Calle Yacuambi, Edificio SAVANNAH 13-83, Piso 2, Oficina 3, Loja, Ecuador. C\u00f3digo\u00a0postal: EC110103<\/p>\n","protected":false},"author":1,"featured_media":0,"parent":0,"menu_order":0,"comment_status":"closed","ping_status":"closed","template":"","meta":[],"_links":{"self":[{"href":"http:\/\/www.foragua.org\/index.php?rest_route=\/wp\/v2\/pages\/772"}],"collection":[{"href":"http:\/\/www.foragua.org\/index.php?rest_route=\/wp\/v2\/pages"}],"about":[{"href":"http:\/\/www.foragua.org\/index.php?rest_route=\/wp\/v2\/types\/page"}],"author":[{"embeddable":true,"href":"http:\/\/www.foragua.org\/index.php?rest_route=\/wp\/v2\/users\/1"}],"replies":[{"embeddable":true,"href":"http:\/\/www.foragua.org\/index.php?rest_route=%2Fwp%2Fv2%2Fcomments&post=772"}],"version-history":[{"count":6,"href":"http:\/\/www.foragua.org\/index.php?rest_route=\/wp\/v2\/pages\/772\/revisions"}],"predecessor-version":[{"id":1838,"href":"http:\/\/www.foragua.org\/index.php?rest_route=\/wp\/v2\/pages\/772\/revisions\/1838"}],"wp:attachment":[{"href":"http:\/\/www.foragua.org\/index.php?rest_route=%2Fwp%2Fv2%2Fmedia&parent=772"}],"curies":[{"name":"wp","href":"https:\/\/api.w.org\/{rel}","templated":true}]}}